{"id":1773,"date":"2017-03-14T13:16:08","date_gmt":"2017-03-14T13:16:08","guid":{"rendered":"http:\/\/kidsinclusive.ca\/fr\/?page_id=1773"},"modified":"2024-04-23T12:21:28","modified_gmt":"2024-04-23T12:21:28","slug":"clinique-de-positionnement-et-de-mobilite","status":"publish","type":"page","link":"https:\/\/kidsinclusive.ca\/fr\/clinique-de-positionnement-et-de-mobilite\/","title":{"rendered":"Clinique de positionnement et de mobilit\u00e9"},"content":{"rendered":"\n<style type=\"text\/css\" data-created_by=\"avia_inline_auto\" id=\"style-css-av-av_section-c4a60ae8fe41f5d0706b8121aed8b311\">\n.avia-section.av-av_section-c4a60ae8fe41f5d0706b8121aed8b311 .av-parallax .av-parallax-inner{\nbackground-repeat:no-repeat;\nbackground-image:url(https:\/\/kidsinclusive.ca\/wp-content\/uploads\/2016\/03\/temp-banner-magentq.jpg);\nbackground-position:0% 0%;\nbackground-attachment:scroll;\n}\n<\/style>\n<div id='av_section_1'  class='avia-section av-av_section-c4a60ae8fe41f5d0706b8121aed8b311 main_color avia-section-default avia-no-border-styling  avia-builder-el-0  el_before_av_one_full  avia-builder-el-first  av-parallax-section avia-bg-style-parallax container_wrap sidebar_right'  data-section-bg-repeat='no-repeat'><div class='av-parallax' data-avia-parallax-ratio='0.3' ><div class='av-parallax-inner main_color avia-full-stretch'><\/div><\/div><div class='container av-section-cont-open' ><main  role=\"main\" itemprop=\"mainContentOfPage\"  class='template-page content  av-content-small alpha units'><div class='post-entry post-entry-type-page post-entry-1773'><div class='entry-content-wrapper clearfix'>\n\n<style type=\"text\/css\" data-created_by=\"avia_inline_auto\" id=\"style-css-av-av_heading-f4efc03a67f949eed5d38f6766cc3849\">\n#top .av-special-heading.av-av_heading-f4efc03a67f949eed5d38f6766cc3849{\npadding-bottom:10px;\ncolor:#ffffff;\n}\nbody .av-special-heading.av-av_heading-f4efc03a67f949eed5d38f6766cc3849 .av-special-heading-tag .heading-char{\nfont-size:25px;\n}\n.av-special-heading.av-av_heading-f4efc03a67f949eed5d38f6766cc3849 .special-heading-inner-border{\nborder-color:#ffffff;\n}\n.av-special-heading.av-av_heading-f4efc03a67f949eed5d38f6766cc3849 .av-subheading{\nfont-size:15px;\n}\n<\/style>\n<div  class='av-special-heading av-av_heading-f4efc03a67f949eed5d38f6766cc3849 av-special-heading-h1 custom-color-heading blockquote modern-quote  avia-builder-el-1  avia-builder-el-no-sibling '><h1 class='av-special-heading-tag '  itemprop=\"headline\"  >Clinique de positionnement et de mobilit\u00e9<\/h1><div class=\"special-heading-border\"><div class=\"special-heading-inner-border\"><\/div><\/div><\/div>\n<\/div><\/div><\/main><!-- close content main element --><\/div><\/div><div id='after_section_1'  class='main_color av_default_container_wrap container_wrap sidebar_right'  ><div class='container av-section-cont-open' ><div class='template-page content  av-content-small alpha units'><div class='post-entry post-entry-type-page post-entry-1773'><div class='entry-content-wrapper clearfix'>\n\n<style type=\"text\/css\" data-created_by=\"avia_inline_auto\" id=\"style-css-av-av_one_full-9497bbf8bff73ea4c6992cc17fa9ec36\">\n.flex_column.av-av_one_full-9497bbf8bff73ea4c6992cc17fa9ec36{\nborder-radius:0px 0px 0px 0px;\npadding:0px 0px 0px 0px;\n}\n<\/style>\n<div  class='flex_column av-av_one_full-9497bbf8bff73ea4c6992cc17fa9ec36 av_one_full  avia-builder-el-2  el_after_av_section  avia-builder-el-no-sibling  first flex_column_div av-zero-column-padding  '     ><section  class='av_textblock_section av-k7xq88th-e7f54955ce9d2502bc0f1e7633060d09 '   itemscope=\"itemscope\" itemtype=\"https:\/\/schema.org\/CreativeWork\" ><div class='avia_textblock'  itemprop=\"text\" ><p>La clinique de positionnement et de mobilit\u00e9 d\u2019EnfantsInclus offre des services d\u2019\u00e9valuation, de recommandation et d\u2019ajustement d\u2019appareils d\u2019aide au positionnement et \u00e0 la mobilit\u00e9 pour les enfants vivant dans la zone desservie par EnfantsInclus, soit KFLA (Kingston Frontenac Lennox et Addington) ainsi que les comt\u00e9s de Lanark, Leeds et Grenville. Les appareils prescrits, qui peuvent \u00eatre adapt\u00e9s ou vendus sans ordonnance, incluent habituellement\u00a0:<\/p>\n<ul>\n<li>des dispositifs de positionnement;<\/li>\n<li>des poussettes adapt\u00e9es;<\/li>\n<li>des fauteuils roulants manuels;<\/li>\n<li>des fauteuils roulants \u00e9lectriques.<\/li>\n<\/ul>\n<p>L\u2019\u00e9quipe est compos\u00e9e de l\u2019enfant ou du jeune, de ses parents ou personnes responsables, d&rsquo;un physioth\u00e9rapeute ou d\u2019un ergoth\u00e9rapeute sp\u00e9cialis\u00e9 en positionnement et en mobilit\u00e9, d\u2019autres th\u00e9rapeutes qui travaillent \u00e0 l\u2019heure actuelle avec l\u2019enfant, d\u2019un technicien en positionnement et d&rsquo;un fournisseur de mat\u00e9riel au choix des parents ou des personnes responsables. L&rsquo;\u00e9quipe prend en consid\u00e9ration les recommandations formul\u00e9es au terme d\u2019une observation clinique pour choisir les appareils de positionnement et de mobilit\u00e9 qui r\u00e9pondront le mieux aux besoins de l&rsquo;enfant.<\/p>\n<p>Les th\u00e9rapeutes de la clinique de positionnement et de mobilit\u00e9 sont des autorisateurs dans le cadre du Programme d\u2019appareils et accessoires fonctionnels (PAAF) du minist\u00e8re de la Sant\u00e9 et des Soins de longue dur\u00e9e. Les autorisateurs poss\u00e8dent des connaissances sp\u00e9cialis\u00e9es leur permettant de travailler avec les enfants et les jeunes qui doivent utiliser des appareils d\u2019aide au positionnement et \u00e0 la mobilit\u00e9. Ils fournissent des conseils et du soutien aux familles qui sont contraintes de demander une aide financi\u00e8re pour l\u2019achat des appareils recommand\u00e9s.<\/p>\n<p><strong>Recommandation \u00e0 la clinique de positionnement et de mobilit\u00e9<\/strong><\/p>\n<p>En g\u00e9n\u00e9ral, les enfants et les jeunes sont dirig\u00e9s vers la clinique de positionnement et de mobilit\u00e9 par leur th\u00e9rapeute principal, lequel peut intervenir aupr\u00e8s d\u2019eux \u00e0 la maison, \u00e0 EnfantsInclus ou \u00e0 l\u2019\u00e9cole.<\/p>\n<h3>Crit\u00e8res d&rsquo;admissibilit\u00e9<\/h3>\n<p><b>Enfant ou jeune\u00a0:<\/b><\/p>\n<ul>\n<li>avoir une d\u00e9ficience intellectuelle ou physique;<\/li>\n<li>avoir des besoins en mati\u00e8re de positionnement ou de mobilit\u00e9;<\/li>\n<li>vivre dans la zone desservie par EnfantsInclus.<\/li>\n<\/ul>\n<h3>\u00c9valuation<\/h3>\n<p>Le th\u00e9rapeute de la clinique de positionnement et de mobilit\u00e9 examine diff\u00e9rents aspects, comme le tonus musculaire, les r\u00e9flexes, la force, la sensation, l\u2019amplitude articulaire et l&rsquo;\u00e9tat de la peau. Une partie importante de l\u2019\u00e9valuation consiste \u00e9galement \u00e0 examiner la fonction, \u00e0 savoir comment et o\u00f9 l\u2019enfant utilisera l\u2019appareil d\u2019aide \u00e0 la mobilit\u00e9. Dans le cadre de cette \u00e9valuation, il peut \u00eatre question de transferts et de la capacit\u00e9 de l\u2019enfant \u00e0 faire avancer un fauteur roulant manuel ou \u00e0 man\u0153uvrer un fauteuil roulant \u00e9lectrique. De plus, le th\u00e9rapeute prend des mesures afin de d\u00e9terminer la taille de l&rsquo;appareil et le type d\u2019appareil qui conviendront le mieux \u00e0 l&rsquo;enfant.<\/p>\n<h3>Consultation<\/h3>\n<p>Le th\u00e9rapeute de la clinique de positionnement et de mobilit\u00e9 peut effectuer de la consultation portant sur le positionnement et la mobilit\u00e9 de l\u2019enfant apr\u00e8s que celui-ci a re\u00e7u son appareil. Il peut aussi offrir de la formation sur l&rsquo;appareil d&rsquo;aide au positionnement \u00e0 l&rsquo;enfant ou au jeune, \u00e0 sa famille, au th\u00e9rapeute \u00e0 l\u2019origine de la recommandation et \u00e0 d\u2019autres personnes responsables (par ex., le personnel de l\u2019\u00e9cole).<\/p>\n<h3>R\u00e9admission<\/h3>\n<ul>\n<li>Si l\u2019enfant a fr\u00e9quent\u00e9 auparavant la clinique de positionnement et de mobilit\u00e9 d\u2019EnfantsInclus, les parents ou personnes responsables peuvent communiquer directement avec le dernier th\u00e9rapeute qui a vu l\u2019enfant.<\/li>\n<li>Un enfant ou un jeune peut \u00eatre r\u00e9admis \u00e0 la clinique jusqu\u2019\u00e0 ce qu\u2019il atteigne l&rsquo;\u00e2ge de 18\u00a0ans (ou 21\u00a0ans s&rsquo;il continue d\u2019aller \u00e0 l&rsquo;\u00e9cole).<\/li>\n<\/ul>\n<\/div><\/section><\/div>\n","protected":false},"excerpt":{"rendered":"","protected":false},"author":5,"featured_media":0,"parent":0,"menu_order":23,"comment_status":"closed","ping_status":"closed","template":"","meta":{"footnotes":""},"class_list":["post-1773","page","type-page","status-publish","hentry"],"_links":{"self":[{"href":"https:\/\/kidsinclusive.ca\/fr\/wp-json\/wp\/v2\/pages\/1773","targetHints":{"allow":["GET"]}}],"collection":[{"href":"https:\/\/kidsinclusive.ca\/fr\/wp-json\/wp\/v2\/pages"}],"about":[{"href":"https:\/\/kidsinclusive.ca\/fr\/wp-json\/wp\/v2\/types\/page"}],"author":[{"embeddable":true,"href":"https:\/\/kidsinclusive.ca\/fr\/wp-json\/wp\/v2\/users\/5"}],"replies":[{"embeddable":true,"href":"https:\/\/kidsinclusive.ca\/fr\/wp-json\/wp\/v2\/comments?post=1773"}],"version-history":[{"count":0,"href":"https:\/\/kidsinclusive.ca\/fr\/wp-json\/wp\/v2\/pages\/1773\/revisions"}],"wp:attachment":[{"href":"https:\/\/kidsinclusive.ca\/fr\/wp-json\/wp\/v2\/media?parent=1773"}],"curies":[{"name":"wp","href":"https:\/\/api.w.org\/{rel}","templated":true}]}}