{"id":1777,"date":"2017-03-14T13:20:00","date_gmt":"2017-03-14T13:20:00","guid":{"rendered":"http:\/\/kidsinclusive.ca\/fr\/?page_id=1777"},"modified":"2024-04-23T12:20:38","modified_gmt":"2024-04-23T12:20:38","slug":"clinique-specialisee-en-developpement-du-nourrisson","status":"publish","type":"page","link":"https:\/\/kidsinclusive.ca\/fr\/clinique-specialisee-en-developpement-du-nourrisson\/","title":{"rendered":"Clinique sp\u00e9cialis\u00e9e en d\u00e9veloppement du nourrisson"},"content":{"rendered":"\n<style type=\"text\/css\" data-created_by=\"avia_inline_auto\" id=\"style-css-av-av_section-c4a60ae8fe41f5d0706b8121aed8b311\">\n.avia-section.av-av_section-c4a60ae8fe41f5d0706b8121aed8b311 .av-parallax .av-parallax-inner{\nbackground-repeat:no-repeat;\nbackground-image:url(https:\/\/kidsinclusive.ca\/wp-content\/uploads\/2016\/03\/temp-banner-magentq.jpg);\nbackground-position:0% 0%;\nbackground-attachment:scroll;\n}\n<\/style>\n<div id='av_section_1'  class='avia-section av-av_section-c4a60ae8fe41f5d0706b8121aed8b311 main_color avia-section-default avia-no-border-styling  avia-builder-el-0  el_before_av_one_full  avia-builder-el-first  av-parallax-section avia-bg-style-parallax container_wrap sidebar_right'  data-section-bg-repeat='no-repeat'><div class='av-parallax' data-avia-parallax-ratio='0.3' ><div class='av-parallax-inner main_color avia-full-stretch'><\/div><\/div><div class='container av-section-cont-open' ><main  role=\"main\" itemprop=\"mainContentOfPage\"  class='template-page content  av-content-small alpha units'><div class='post-entry post-entry-type-page post-entry-1777'><div class='entry-content-wrapper clearfix'>\n\n<style type=\"text\/css\" data-created_by=\"avia_inline_auto\" id=\"style-css-av-av_heading-eb79136984ed15e6f4e026dcbda0dd73\">\n#top .av-special-heading.av-av_heading-eb79136984ed15e6f4e026dcbda0dd73{\npadding-bottom:10px;\ncolor:#ffffff;\n}\nbody .av-special-heading.av-av_heading-eb79136984ed15e6f4e026dcbda0dd73 .av-special-heading-tag .heading-char{\nfont-size:25px;\n}\n.av-special-heading.av-av_heading-eb79136984ed15e6f4e026dcbda0dd73 .special-heading-inner-border{\nborder-color:#ffffff;\n}\n.av-special-heading.av-av_heading-eb79136984ed15e6f4e026dcbda0dd73 .av-subheading{\nfont-size:15px;\n}\n<\/style>\n<div  class='av-special-heading av-av_heading-eb79136984ed15e6f4e026dcbda0dd73 av-special-heading-h1 custom-color-heading blockquote modern-quote  avia-builder-el-1  avia-builder-el-no-sibling '><h1 class='av-special-heading-tag '  itemprop=\"headline\"  >Clinique sp\u00e9cialis\u00e9e en d\u00e9veloppement du nourrisson<\/h1><div class=\"special-heading-border\"><div class=\"special-heading-inner-border\"><\/div><\/div><\/div>\n<\/div><\/div><\/main><!-- close content main element --><\/div><\/div><div id='after_section_1'  class='main_color av_default_container_wrap container_wrap sidebar_right'  ><div class='container av-section-cont-open' ><div class='template-page content  av-content-small alpha units'><div class='post-entry post-entry-type-page post-entry-1777'><div class='entry-content-wrapper clearfix'>\n\n<style type=\"text\/css\" data-created_by=\"avia_inline_auto\" id=\"style-css-av-av_one_full-9497bbf8bff73ea4c6992cc17fa9ec36\">\n.flex_column.av-av_one_full-9497bbf8bff73ea4c6992cc17fa9ec36{\nborder-radius:0px 0px 0px 0px;\npadding:0px 0px 0px 0px;\n}\n<\/style>\n<div  class='flex_column av-av_one_full-9497bbf8bff73ea4c6992cc17fa9ec36 av_one_full  avia-builder-el-2  el_after_av_section  avia-builder-el-no-sibling  first flex_column_div av-zero-column-padding  '     ><section  class='av_textblock_section av-k7xqd8je-c2673c4653ab47c3dc9f4b9452c38199 '   itemscope=\"itemscope\" itemtype=\"https:\/\/schema.org\/CreativeWork\" ><div class='avia_textblock'  itemprop=\"text\" ><p>La clinique sp\u00e9cialis\u00e9e en d\u00e9veloppement du nourrisson est une clinique d\u2019\u00e9valuation multidisciplinaire pour les nourrissons pr\u00e9matur\u00e9s (n\u00e9s avant 30 semaines d\u2019\u00e2ge gestationnel) et les nourrissons qui \u00e9taient gravement malades durant leur s\u00e9jour \u00e0 l\u2019unit\u00e9 n\u00e9onatale des soins intensifs. Il s\u2019agit de l\u2019une des vingt-quatre cliniques de suivi n\u00e9onatal en Ontario. Les nourrissons sont dirig\u00e9s vers la clinique sp\u00e9cialis\u00e9e en d\u00e9veloppement du nourrisson lorsqu\u2019ils re\u00e7oivent leur cong\u00e9 de l\u2019unit\u00e9 n\u00e9onatale des soins intensifs situ\u00e9e \u00e0 l\u2019H\u00f4pital g\u00e9n\u00e9ral de Kingston.<\/p>\n<p>L\u2019\u00e9quipe de la clinique sp\u00e9cialis\u00e9e en d\u00e9veloppement du nourrisson est form\u00e9e\u00a0:<\/p>\n<ul>\n<li>d\u2019un n\u00e9onatologiste;<\/li>\n<li>d\u2019un ergoth\u00e9rapeute;<\/li>\n<li>d\u2019un physioth\u00e9rapeute;<\/li>\n<li>d\u2019un orthophoniste (aussit\u00f4t que l\u2019enfant \u00e0 douze\u00a0mois).<\/li>\n<\/ul>\n<p>Les nourrissons viennent \u00e0 la clinique sp\u00e9cialis\u00e9e en d\u00e9veloppement du nourrisson \u00e0 intervalles r\u00e9guliers afin que l\u2019\u00e9quipe puisse suivre l\u2019\u00e9volution de leur d\u00e9veloppement physique, cognitif, social et du langage ainsi que de leur apprentissage. Les nourrissons, accompagn\u00e9s de leur famille, commencent \u00e0 fr\u00e9quenter la clinique d\u00e8s l&rsquo;\u00e2ge corrig\u00e9 de six semaines et continuent de faire l\u2019objet d\u2019un suivi p\u00e9riodique jusqu\u2019\u00e0 l\u2019\u00e2ge de trois ans. D\u2019autres rendez-vous \u00e0 la clinique peuvent \u00e9galement \u00eatre pris, au besoin.<\/p>\n<p>Chaque rendez-vous \u00e0 la clinique sp\u00e9cialis\u00e9e en d\u00e9veloppement du nourrisson a pour but d\u2019observer le d\u00e9veloppement du nourrisson et d\u2019offrir du soutien \u00e0 sa famille si le nourrisson est \u00e0 haut risque. Il se peut que l\u2019\u00e9quipe sugg\u00e8re \u00e0 la famille des activit\u00e9s \u00e0 faire \u00e0 la maison. Elle peut \u00e9galement recommander le nourrisson \u00e0 d\u2019autres sp\u00e9cialistes afin de confirmer un diagnostic ou si une intervention en mati\u00e8re de d\u00e9veloppement est requise en raison de pr\u00e9occupations soulev\u00e9es quant \u00e0 son d\u00e9veloppement.<\/p>\n<p>L\u2019objectif de la clinique sp\u00e9cialis\u00e9e en d\u00e9veloppement du nourrisson consiste \u00e0 favoriser l\u2019atteinte des meilleurs r\u00e9sultats possible pour les nourrissons \u00e0 haut risque, et ce, gr\u00e2ce au suivi et \u00e0 l\u2019encadrement continus des nourrissons et de leur famille, et \u00e0 la collaboration avec des organismes d\u2019intervention pr\u00e9coce.<\/p>\n<\/div><\/section><\/div>\n","protected":false},"excerpt":{"rendered":"","protected":false},"author":5,"featured_media":0,"parent":0,"menu_order":33,"comment_status":"closed","ping_status":"closed","template":"","meta":{"_price":"","_stock":"","_tribe_ticket_header":"","_tribe_default_ticket_provider":"","_tribe_ticket_capacity":"0","_ticket_start_date":"","_ticket_end_date":"","_tribe_ticket_show_description":"","_tribe_ticket_show_not_going":false,"_tribe_ticket_use_global_stock":"","_tribe_ticket_global_stock_level":"","_global_stock_mode":"","_global_stock_cap":"","_tribe_rsvp_for_event":"","_tribe_ticket_going_count":"","_tribe_ticket_not_going_count":"","_tribe_tickets_list":"[]","_tribe_ticket_has_attendee_info_fields":false,"footnotes":""},"class_list":["post-1777","page","type-page","status-publish","hentry"],"_links":{"self":[{"href":"https:\/\/kidsinclusive.ca\/fr\/wp-json\/wp\/v2\/pages\/1777","targetHints":{"allow":["GET"]}}],"collection":[{"href":"https:\/\/kidsinclusive.ca\/fr\/wp-json\/wp\/v2\/pages"}],"about":[{"href":"https:\/\/kidsinclusive.ca\/fr\/wp-json\/wp\/v2\/types\/page"}],"author":[{"embeddable":true,"href":"https:\/\/kidsinclusive.ca\/fr\/wp-json\/wp\/v2\/users\/5"}],"replies":[{"embeddable":true,"href":"https:\/\/kidsinclusive.ca\/fr\/wp-json\/wp\/v2\/comments?post=1777"}],"version-history":[{"count":0,"href":"https:\/\/kidsinclusive.ca\/fr\/wp-json\/wp\/v2\/pages\/1777\/revisions"}],"wp:attachment":[{"href":"https:\/\/kidsinclusive.ca\/fr\/wp-json\/wp\/v2\/media?parent=1777"}],"curies":[{"name":"wp","href":"https:\/\/api.w.org\/{rel}","templated":true}]}}