{"id":1782,"date":"2017-03-14T13:21:37","date_gmt":"2017-03-14T13:21:37","guid":{"rendered":"http:\/\/kidsinclusive.ca\/fr\/?page_id=1782"},"modified":"2020-03-18T19:42:42","modified_gmt":"2020-03-18T19:42:42","slug":"consultation-medicale","status":"publish","type":"page","link":"https:\/\/kidsinclusive.ca\/fr\/services-et-programmes\/cliniques-specialisees\/consultation-medicale\/","title":{"rendered":"Consultation m\u00e9dicale"},"content":{"rendered":"\n<style type=\"text\/css\" data-created_by=\"avia_inline_auto\" id=\"style-css-av-av_section-c4a60ae8fe41f5d0706b8121aed8b311\">\n.avia-section.av-av_section-c4a60ae8fe41f5d0706b8121aed8b311 .av-parallax .av-parallax-inner{\nbackground-repeat:no-repeat;\nbackground-image:url(https:\/\/kidsinclusive.ca\/wp-content\/uploads\/2016\/03\/temp-banner-magentq.jpg);\nbackground-position:0% 0%;\nbackground-attachment:scroll;\n}\n<\/style>\n<div id='av_section_1'  class='avia-section av-av_section-c4a60ae8fe41f5d0706b8121aed8b311 main_color avia-section-default avia-no-border-styling  avia-builder-el-0  el_before_av_one_full  avia-builder-el-first  av-parallax-section avia-bg-style-parallax container_wrap sidebar_right'  data-section-bg-repeat='no-repeat'><div class='av-parallax' data-avia-parallax-ratio='0.3' ><div class='av-parallax-inner main_color avia-full-stretch'><\/div><\/div><div class='container av-section-cont-open' ><main  role=\"main\" itemprop=\"mainContentOfPage\"  class='template-page content  av-content-small alpha units'><div class='post-entry post-entry-type-page post-entry-1782'><div class='entry-content-wrapper clearfix'>\n\n<style type=\"text\/css\" data-created_by=\"avia_inline_auto\" id=\"style-css-av-av_heading-e96e35bee024cdec66390dbee53d21f0\">\n#top .av-special-heading.av-av_heading-e96e35bee024cdec66390dbee53d21f0{\npadding-bottom:10px;\ncolor:#ffffff;\n}\nbody .av-special-heading.av-av_heading-e96e35bee024cdec66390dbee53d21f0 .av-special-heading-tag .heading-char{\nfont-size:25px;\n}\n.av-special-heading.av-av_heading-e96e35bee024cdec66390dbee53d21f0 .special-heading-inner-border{\nborder-color:#ffffff;\n}\n.av-special-heading.av-av_heading-e96e35bee024cdec66390dbee53d21f0 .av-subheading{\nfont-size:15px;\n}\n<\/style>\n<div  class='av-special-heading av-av_heading-e96e35bee024cdec66390dbee53d21f0 av-special-heading-h1 custom-color-heading blockquote modern-quote  avia-builder-el-1  avia-builder-el-no-sibling '><h1 class='av-special-heading-tag '  itemprop=\"headline\"  >Consultation m\u00e9dicale<\/h1><div class=\"special-heading-border\"><div class=\"special-heading-inner-border\"><\/div><\/div><\/div>\n<\/div><\/div><\/main><!-- close content main element --><\/div><\/div><div id='after_section_1'  class='main_color av_default_container_wrap container_wrap sidebar_right'  ><div class='container av-section-cont-open' ><div class='template-page content  av-content-small alpha units'><div class='post-entry post-entry-type-page post-entry-1782'><div class='entry-content-wrapper clearfix'>\n\n<style type=\"text\/css\" data-created_by=\"avia_inline_auto\" id=\"style-css-av-av_one_full-9497bbf8bff73ea4c6992cc17fa9ec36\">\n.flex_column.av-av_one_full-9497bbf8bff73ea4c6992cc17fa9ec36{\nborder-radius:0px 0px 0px 0px;\npadding:0px 0px 0px 0px;\n}\n<\/style>\n<div  class='flex_column av-av_one_full-9497bbf8bff73ea4c6992cc17fa9ec36 av_one_full  avia-builder-el-2  el_after_av_section  avia-builder-el-no-sibling  first flex_column_div av-zero-column-padding  '     ><section  class='av_textblock_section av-k7xqffrl-eb50a59e7955e1277f213b62e14e6a6c '   itemscope=\"itemscope\" itemtype=\"https:\/\/schema.org\/CreativeWork\" ><div class='avia_textblock'  itemprop=\"text\" ><p>EnfantsInclus a la chance de pouvoir compter sur deux p\u00e9diatres du d\u00e9veloppement qui travaillent directement au centre et qui font partie d\u2019\u00e9quipes multidisciplinaires.<\/p>\n<p>Les p\u00e9diatres du d\u00e9veloppement accueillent \u00e9galement un certain nombre d&rsquo;enfants sont dirig\u00e9s vers eux par des m\u00e9decins de famille et des p\u00e9diatres communautaires \u00e0 des fins de consultation. Les consultations peuvent contribuer \u00e0 confirmer un diagnostic, \u00e0 d\u00e9terminer si les m\u00e9dicaments prescrits sont appropri\u00e9s ou \u00e0 examiner d&rsquo;autres questions de d\u00e9veloppement. Habituellement, les p\u00e9diatres du d\u00e9veloppement rencontrent ces enfants \u00e0 une ou deux reprises, puis transmettent des recommandations et un plan \u00e0 leur m\u00e9decin traitant.<\/p>\n<\/div><\/section><\/div>\n","protected":false},"excerpt":{"rendered":"","protected":false},"author":5,"featured_media":0,"parent":1746,"menu_order":60,"comment_status":"closed","ping_status":"closed","template":"","meta":{"_price":"","_stock":"","_tribe_ticket_header":"","_tribe_default_ticket_provider":"","_tribe_ticket_capacity":"0","_ticket_start_date":"","_ticket_end_date":"","_tribe_ticket_show_description":"","_tribe_ticket_show_not_going":false,"_tribe_ticket_use_global_stock":"","_tribe_ticket_global_stock_level":"","_global_stock_mode":"","_global_stock_cap":"","_tribe_rsvp_for_event":"","_tribe_ticket_going_count":"","_tribe_ticket_not_going_count":"","_tribe_tickets_list":"[]","_tribe_ticket_has_attendee_info_fields":false,"footnotes":""},"class_list":["post-1782","page","type-page","status-publish","hentry"],"_links":{"self":[{"href":"https:\/\/kidsinclusive.ca\/fr\/wp-json\/wp\/v2\/pages\/1782","targetHints":{"allow":["GET"]}}],"collection":[{"href":"https:\/\/kidsinclusive.ca\/fr\/wp-json\/wp\/v2\/pages"}],"about":[{"href":"https:\/\/kidsinclusive.ca\/fr\/wp-json\/wp\/v2\/types\/page"}],"author":[{"embeddable":true,"href":"https:\/\/kidsinclusive.ca\/fr\/wp-json\/wp\/v2\/users\/5"}],"replies":[{"embeddable":true,"href":"https:\/\/kidsinclusive.ca\/fr\/wp-json\/wp\/v2\/comments?post=1782"}],"version-history":[{"count":0,"href":"https:\/\/kidsinclusive.ca\/fr\/wp-json\/wp\/v2\/pages\/1782\/revisions"}],"up":[{"embeddable":true,"href":"https:\/\/kidsinclusive.ca\/fr\/wp-json\/wp\/v2\/pages\/1746"}],"wp:attachment":[{"href":"https:\/\/kidsinclusive.ca\/fr\/wp-json\/wp\/v2\/media?parent=1782"}],"curies":[{"name":"wp","href":"https:\/\/api.w.org\/{rel}","templated":true}]}}