{"id":3678,"date":"2018-08-03T14:01:30","date_gmt":"2018-08-03T14:01:30","guid":{"rendered":"http:\/\/kidsinclusive.ca\/?page_id=3678"},"modified":"2022-07-06T15:17:52","modified_gmt":"2022-07-06T15:17:52","slug":"pcs-formulaires-et-documents","status":"publish","type":"page","link":"https:\/\/kidsinclusive.ca\/fr\/planification-coordonnee-des-services\/pcs-formulaires-et-documents\/","title":{"rendered":"Formulaires et documents de PCS"},"content":{"rendered":"\n<style type=\"text\/css\" data-created_by=\"avia_inline_auto\" id=\"style-css-av-ahs1lq-17d48cebf105ba741381bd3c21eefc34\">\n.avia-section.av-ahs1lq-17d48cebf105ba741381bd3c21eefc34 .av-parallax .av-parallax-inner{\nbackground-repeat:no-repeat;\nbackground-image:url(https:\/\/kidsinclusive.ca\/wp-content\/uploads\/2016\/03\/temp-banner-blue.jpg);\nbackground-position:0% 0%;\nbackground-attachment:scroll;\n}\n<\/style>\n<div id='av_section_1'  class='avia-section av-ahs1lq-17d48cebf105ba741381bd3c21eefc34 main_color avia-section-default avia-no-border-styling  avia-builder-el-0  el_before_av_textblock  avia-builder-el-first  av-parallax-section avia-bg-style-parallax container_wrap sidebar_right'  data-section-bg-repeat='no-repeat'><div class='av-parallax' data-avia-parallax-ratio='0.3' ><div class='av-parallax-inner main_color avia-full-stretch'><\/div><\/div><div class='container av-section-cont-open' ><main  role=\"main\" itemprop=\"mainContentOfPage\"  class='template-page content  av-content-small alpha units'><div class='post-entry post-entry-type-page post-entry-3678'><div class='entry-content-wrapper clearfix'>\n\n<style type=\"text\/css\" data-created_by=\"avia_inline_auto\" id=\"style-css-av-k7xqzlt4-9b89d21e174beea831c562907c091ff6\">\n#top .av-special-heading.av-k7xqzlt4-9b89d21e174beea831c562907c091ff6{\npadding-bottom:10px;\ncolor:#ffffff;\n}\nbody .av-special-heading.av-k7xqzlt4-9b89d21e174beea831c562907c091ff6 .av-special-heading-tag .heading-char{\nfont-size:25px;\n}\n.av-special-heading.av-k7xqzlt4-9b89d21e174beea831c562907c091ff6 .special-heading-inner-border{\nborder-color:#ffffff;\n}\n.av-special-heading.av-k7xqzlt4-9b89d21e174beea831c562907c091ff6 .av-subheading{\nfont-size:15px;\n}\n<\/style>\n<div  class='av-special-heading av-k7xqzlt4-9b89d21e174beea831c562907c091ff6 av-special-heading-h1 custom-color-heading  avia-builder-el-1  avia-builder-el-no-sibling  av-linked-heading'><h1 class='av-special-heading-tag '  itemprop=\"headline\"  >Formulaires et documents de PCS<\/h1><div class=\"special-heading-border\"><div class=\"special-heading-inner-border\"><\/div><\/div><\/div>\n<\/div><\/div><\/main><!-- close content main element --><\/div><\/div><div id='after_section_1'  class='main_color av_default_container_wrap container_wrap sidebar_right'  ><div class='container av-section-cont-open' ><div class='template-page content  av-content-small alpha units'><div class='post-entry post-entry-type-page post-entry-3678'><div class='entry-content-wrapper clearfix'>\n<section  class='av_textblock_section av-k2s84kou-2bb25a37e46e41115fd5e4d36d952b8c '   itemscope=\"itemscope\" itemtype=\"https:\/\/schema.org\/CreativeWork\" ><div class='avia_textblock'  itemprop=\"text\" ><p><a href=\"https:\/\/kidsinclusive.ca\/wp-content\/uploads\/2022\/07\/Referral-Form-Child-Family-Review-FR-Fillable-KidsInclusive-Coordinated-Service-Planning.pdf\">Planification coordonn\u00e9e des services \u2013 Analyse du dossier de l\u2019enfant\/adolescent et de la famille<\/a><\/p>\n<p><a href=\"http:\/\/kidsinclusive.ca\/wp-content\/uploads\/2018\/08\/SINGLE-PLAN-OF-CARE-Form-Fr.docx\">PLAN DE SOINS INDIVIDUEL<\/a><\/p>\n<p><a href=\"http:\/\/kidsinclusive.ca\/wp-content\/uploads\/2018\/08\/CSP-Meeting-Summary-Fr-Fillable.pdf\">COMPTE RENDU DE LA RENCONTRE DE PCS<\/a><\/p>\n<p><a href=\"http:\/\/kidsinclusive.ca\/wp-content\/uploads\/2019\/02\/CSP-Team-member-feedback_FR.pdf\">Feuille de commentaires des membres de l\u2019\u00e9quipe<\/a><\/p>\n<p><a href=\"http:\/\/kidsinclusive.ca\/wp-content\/uploads\/2018\/08\/CSP-Checklist-Fr-Fillable.pdf\">LISTE DE CONTR\u00d4LE PCS<\/a><\/p>\n<p><a href=\"http:\/\/kidsinclusive.ca\/wp-content\/uploads\/2019\/02\/What-is-CSP-Info-for-Families_FR.pdf\">Qu\u2019est-ce que PSC? &#8211; polycopi\u00e9<\/a><\/p>\n<p><a href=\"https:\/\/www.canchild.ca\/en\/research-in-practice\/f-words-in-childhood-disability\">Mes mots pr\u00e9f\u00e9r\u00e9s<\/a> &#8211; lien vers le site Web CanChild<\/p>\n<h2><\/h2>\n<p><a href=\"http:\/\/kidsinclusive.ca\/wp-content\/uploads\/2017\/11\/Coordinated-Service-Planning-Policy-and-Program-Guidelines-FRENCH.pdf\">Planification coordonn\u00e9e des services: Directives sur les politiques et les programmes<\/a><\/p>\n<\/div><\/section>\n\n<style type=\"text\/css\" data-created_by=\"avia_inline_auto\" id=\"style-css-av-7tooke-ceb13a97afb94802767df7b310acb449\">\n.flex_column.av-7tooke-ceb13a97afb94802767df7b310acb449{\nborder-radius:0px 0px 0px 0px;\npadding:0px 0px 0px 0px;\n}\n<\/style>\n<div  class='flex_column av-7tooke-ceb13a97afb94802767df7b310acb449 av_one_half  avia-builder-el-3  el_after_av_textblock  el_before_av_one_half  first flex_column_div av-zero-column-padding  column-top-margin'     ><section  class='av_textblock_section av-k2s83vwg-1e7e9764107e458434f1cf052016af42 '   itemscope=\"itemscope\" itemtype=\"https:\/\/schema.org\/CreativeWork\" ><div class='avia_textblock'  itemprop=\"text\" ><h2>Kingston, Frontenac, Lennox &#038; Addington<\/h2>\n<p><a href=\"http:\/\/kidsinclusive.ca\/wp-content\/uploads\/2018\/08\/Process-Flow-for-CSP-KFLA-Fr.pdf\">Marche \u00e0 suivre pour la PCS dans KFLA<\/a><\/p>\n<p><a href=\"http:\/\/kidsinclusive.ca\/wp-content\/uploads\/2019\/02\/KFLA-CSP-Pathway-2_FR.pdf\">Sch\u00e9ma de la PCS dans KFLA<\/a><\/p>\n<p><a href=\"http:\/\/kidsinclusive.ca\/wp-content\/uploads\/2018\/05\/KFLA-SNSC-CSP-Communication-Volume-1-January-2018_FR.pdf\">Bulletin d&rsquo;information sure la PCS Volume 1 Janvier 2018<\/a><\/p>\n<p><a href=\"http:\/\/kidsinclusive.ca\/wp-content\/uploads\/2018\/05\/KFLA-SNSC-CSP-Communication-Volume-2-April-2018_FR.pdf\">Bulletin d&rsquo;information sure la PCS Volume 2 Avril 2018<\/a><\/p>\n<\/div><\/section><\/div>\n\n<style type=\"text\/css\" data-created_by=\"avia_inline_auto\" id=\"style-css-av-5wuz1a-656b236b142111c1a37dd6323b8e2bbb\">\n.flex_column.av-5wuz1a-656b236b142111c1a37dd6323b8e2bbb{\nborder-radius:0px 0px 0px 0px;\npadding:0px 0px 0px 0px;\n}\n<\/style>\n<div  class='flex_column av-5wuz1a-656b236b142111c1a37dd6323b8e2bbb av_one_half  avia-builder-el-5  el_after_av_one_half  el_before_av_video  flex_column_div av-zero-column-padding  column-top-margin'     ><section  class='av_textblock_section av-421hta-1028d098fb6233233efef32919ff5584 '   itemscope=\"itemscope\" itemtype=\"https:\/\/schema.org\/CreativeWork\" ><div class='avia_textblock'  itemprop=\"text\" ><h2>Lanark, Leeds &#038; Grenville<\/h2>\n<p><a href=\"http:\/\/kidsinclusive.ca\/wp-content\/uploads\/2018\/08\/Process-Flow-for-CSP-LLG-Fr.pdf\">Marche \u00e0 suivre pour la PCS dans LLG<\/a><\/p>\n<p><a href=\"http:\/\/kidsinclusive.ca\/wp-content\/uploads\/2019\/02\/LLG-CSP-Pathway-2_FR.pdf\">Sch\u00e9ma de la PCS dans LLG<\/a><\/p>\n<p><a href=\"http:\/\/kidsinclusive.ca\/wp-content\/uploads\/2018\/05\/LLG-SNSC-CSP-Communication-Volume-1-January-2018_FR.pdf\">LLG Bulletin d&rsquo;information sure la PCS Volume 1 janvier 2018<\/a><\/p>\n<p><a href=\"http:\/\/kidsinclusive.ca\/wp-content\/uploads\/2018\/05\/LLG-SNSC-CSP-Communication-Volume-2-April-2018_FR.pdf\">LLG Bulletin d&rsquo;information sure la PCS Volume 2 avril 2018<\/a><\/p>\n<\/div><\/section><\/div>\n<div  class='avia-video av-7suv2-7d16fd3cee388862fc6fc0744bd03874 avia-video-16-9 av-no-preview-image avia-video-load-always av-lazyload-immediate av-lazyload-video-embed'  itemprop=\"video\" itemtype=\"https:\/\/schema.org\/VideoObject\"  data-original_url='https:\/\/vimeo.com\/96903960'><script type='text\/html' class='av-video-tmpl'><div class='avia-iframe-wrap'><iframe loading=\"lazy\" title=\"&#039;F-Words&#039; in Childhood Disability\" src=\"https:\/\/player.vimeo.com\/video\/96903960?dnt=1&amp;app_id=122963&autoplay=0&loop=0&controls=1&muted=0\" width=\"640\" height=\"360\" frameborder=\"0\" allow=\"autoplay; fullscreen\" allowfullscreen><\/iframe><\/div><\/script><div class='av-click-to-play-overlay'><div class=\"avia_playpause_icon\"><\/div><\/div><\/div>\n","protected":false},"excerpt":{"rendered":"","protected":false},"author":7,"featured_media":0,"parent":1801,"menu_order":0,"comment_status":"closed","ping_status":"closed","template":"","meta":{"footnotes":""},"class_list":["post-3678","page","type-page","status-publish","hentry"],"_links":{"self":[{"href":"https:\/\/kidsinclusive.ca\/fr\/wp-json\/wp\/v2\/pages\/3678","targetHints":{"allow":["GET"]}}],"collection":[{"href":"https:\/\/kidsinclusive.ca\/fr\/wp-json\/wp\/v2\/pages"}],"about":[{"href":"https:\/\/kidsinclusive.ca\/fr\/wp-json\/wp\/v2\/types\/page"}],"author":[{"embeddable":true,"href":"https:\/\/kidsinclusive.ca\/fr\/wp-json\/wp\/v2\/users\/7"}],"replies":[{"embeddable":true,"href":"https:\/\/kidsinclusive.ca\/fr\/wp-json\/wp\/v2\/comments?post=3678"}],"version-history":[{"count":0,"href":"https:\/\/kidsinclusive.ca\/fr\/wp-json\/wp\/v2\/pages\/3678\/revisions"}],"up":[{"embeddable":true,"href":"https:\/\/kidsinclusive.ca\/fr\/wp-json\/wp\/v2\/pages\/1801"}],"wp:attachment":[{"href":"https:\/\/kidsinclusive.ca\/fr\/wp-json\/wp\/v2\/media?parent=3678"}],"curies":[{"name":"wp","href":"https:\/\/api.w.org\/{rel}","templated":true}]}}