{"id":7134,"date":"2024-04-24T15:16:30","date_gmt":"2024-04-24T15:16:30","guid":{"rendered":"https:\/\/kidsinclusive.ca\/?page_id=7134"},"modified":"2024-04-24T15:16:32","modified_gmt":"2024-04-24T15:16:32","slug":"etapes-du-developpement-des-aptitudes-a-communiquer","status":"publish","type":"page","link":"https:\/\/kidsinclusive.ca\/fr\/services-et-programmes\/programme-prescolaire-de-reeducation-de-la-parole-et-du-langage-early-expressions\/etapes-du-developpement-des-aptitudes-a-communiquer\/","title":{"rendered":"\u00c9TAPES DU D\u00c9VELOPPEMENT DES APTITUDES \u00c0 COMMUNIQUER"},"content":{"rendered":"<\/p>\n\n<style type=\"text\/css\" data-created_by=\"avia_inline_auto\" id=\"style-css-av-lvckt53r-de9e0365f26b791b7c9dc115c64b9838\">\n.avia-section.av-lvckt53r-de9e0365f26b791b7c9dc115c64b9838{\nbackground-repeat:no-repeat;\nbackground-image:url(https:\/\/kidsinclusive.ca\/wp-content\/uploads\/2016\/03\/temp-banner-magentq-1030x319.jpg);\nbackground-position:50% 0%;\nbackground-attachment:fixed;\n}\n<\/style>\n<div id='av_section_1'  class='avia-section av-lvckt53r-de9e0365f26b791b7c9dc115c64b9838 main_color avia-section-default avia-no-border-styling  avia-builder-el-0  el_before_av_textblock  avia-builder-el-first  avia-full-stretch avia-bg-style-fixed container_wrap sidebar_right'  data-section-bg-repeat='stretch'><div class='container av-section-cont-open' ><main  role=\"main\" itemprop=\"mainContentOfPage\"  class='template-page content  av-content-small alpha units'><div class='post-entry post-entry-type-page post-entry-7134'><div class='entry-content-wrapper clearfix'>\n\n<style type=\"text\/css\" data-created_by=\"avia_inline_auto\" id=\"style-css-av-lvcku4ka-33949b60b31d6bb090e2c17af9caf36a\">\n#top .av-special-heading.av-lvcku4ka-33949b60b31d6bb090e2c17af9caf36a{\npadding-bottom:10px;\ncolor:#ffffff;\n}\nbody .av-special-heading.av-lvcku4ka-33949b60b31d6bb090e2c17af9caf36a .av-special-heading-tag .heading-char{\nfont-size:25px;\n}\n.av-special-heading.av-lvcku4ka-33949b60b31d6bb090e2c17af9caf36a .special-heading-inner-border{\nborder-color:#ffffff;\n}\n.av-special-heading.av-lvcku4ka-33949b60b31d6bb090e2c17af9caf36a .av-subheading{\nfont-size:15px;\n}\n<\/style>\n<div  class='av-special-heading av-lvcku4ka-33949b60b31d6bb090e2c17af9caf36a av-special-heading-h1 custom-color-heading blockquote modern-quote  avia-builder-el-1  avia-builder-el-no-sibling '><h1 class='av-special-heading-tag '  itemprop=\"headline\"  >\u00c9TAPES DU D\u00c9VELOPPEMENT DES APTITUDES \u00c0 COMMUNIQUER<\/h1><div class=\"special-heading-border\"><div class=\"special-heading-inner-border\"><\/div><\/div><\/div>\n<\/div><\/div><\/main><!-- close content main element --><\/div><\/div><div id='after_section_1'  class='main_color av_default_container_wrap container_wrap sidebar_right'  ><div class='container av-section-cont-open' ><div class='template-page content  av-content-small alpha units'><div class='post-entry post-entry-type-page post-entry-7134'><div class='entry-content-wrapper clearfix'><section  class='av_textblock_section av-lvckvu99-a60a1ff1d3320b2983cd32bda54081bb '   itemscope=\"itemscope\" itemtype=\"https:\/\/schema.org\/CreativeWork\" ><div class='avia_textblock'  itemprop=\"text\" ><h2><strong>d\u00e9veloppement des aptitudes au langage et \u00e0 la parole<\/strong><\/h2>\n<p>Les enfants se d\u00e9veloppent \u00e0 des rythmes diff\u00e9rents. Cela dit, s\u2019ils semblent accuser un retard pour leur \u00e2ge, il est pr\u00e9f\u00e9rable d\u2019aller chercher de l\u2019aide le plus t\u00f4t possible.<\/p>\n<p>Servez-vous des \u00e9tapes du d\u00e9veloppement des aptitudes \u00e0 communiquer ci-dessous afin de d\u00e9terminer si votre enfant a besoin d\u2019aide pour favoriser l\u2019acquisition de ses aptitudes au langage et \u00e0 la parole.<\/p>\n<h3><strong>liste de contr\u00f4le du d\u00e9veloppement des aptitudes \u00e0 communiquer<\/strong><\/h3>\n<p>Si vous r\u00e9pondez non \u00e0 l\u2019une ou l\u2019autre des questions, envisagez de faire appel aux services d\u2019orthophonie pour les enfants d\u2019\u00e2ge pr\u00e9scolaire.<\/p>\n<\/div><\/section><\/p>\n<div  class='togglecontainer av-lvcvuywm-a7ae7ac7139847125681a17ca4c8297e  avia-builder-el-3  el_after_av_textblock  el_before_av_textblock  toggle_close_all' >\n<section class='av_toggle_section av-lvcvsisk-ebb2ef9dd8f511f141af693d716af184'  itemscope=\"itemscope\" itemtype=\"https:\/\/schema.org\/CreativeWork\" ><div role=\"tablist\" class=\"single_toggle\" data-tags=\"{Tout} \"  ><p id='toggle-toggle-id-1' data-fake-id='#toggle-id-1' class='toggler  av-title-above '  itemprop=\"headline\"  role='tab' tabindex='0' aria-controls='toggle-id-1' data-slide-speed=\"200\" data-title=\"\u00c0 6 mois, est-ce que votre enfant :\" data-title-open=\"\" data-aria_collapsed=\"Click to expand: \u00c0 6 mois, est-ce que votre enfant :\" data-aria_expanded=\"Click to collapse: \u00c0 6 mois, est-ce que votre enfant :\">\u00c0 6 mois, est-ce que votre enfant :<span class=\"toggle_icon\"><span class=\"vert_icon\"><\/span><span class=\"hor_icon\"><\/span><\/span><\/p><div id='toggle-id-1' aria-labelledby='toggle-toggle-id-1' role='region' class='toggle_wrap  av-title-above'  ><div class='toggle_content invers-color '  itemprop=\"text\" ><ul>\n<li>Sursaute lorsqu\u2019il entend des bruits forts?<\/li>\n<li>Tourne la t\u00eate en direction de la provenance des sons?<\/li>\n<li>Pleure de fa\u00e7on diff\u00e9rente pour exprimer des besoins diff\u00e9rents (s\u2019il a faim ou s\u2019il est fatigu\u00e9)?<\/li>\n<li>Regarde votre visage pendant que vous parlez?<\/li>\n<li>Sourit et rit en r\u00e9action \u00e0 vos sourires et \u00e0 vos rires?<\/li>\n<li>Imite la toux ou d\u2019autres sons, comme \u00ab\u00a0ah\u00a0\u00bb, \u00ab\u00a0eh\u00a0\u00bb, \u00ab\u00a0ba\u00a0\u00bb?<\/li>\n<\/ul>\n<\/div><\/div><\/div><\/section>\n<section class='av_toggle_section av-lvcvstaw-b4fdca28393af5740ded7e0e6529ac3a'  itemscope=\"itemscope\" itemtype=\"https:\/\/schema.org\/CreativeWork\" ><div role=\"tablist\" class=\"single_toggle\" data-tags=\"{Tout} \"  ><p id='toggle-toggle-id-2' data-fake-id='#toggle-id-2' class='toggler  av-title-above '  itemprop=\"headline\"  role='tab' tabindex='0' aria-controls='toggle-id-2' data-slide-speed=\"200\" data-title=\"\u00c0 9 mois, est-ce que votre enfant :\" data-title-open=\"\" data-aria_collapsed=\"Click to expand: \u00c0 9 mois, est-ce que votre enfant :\" data-aria_expanded=\"Click to collapse: \u00c0 9 mois, est-ce que votre enfant :\">\u00c0 9 mois, est-ce que votre enfant :<span class=\"toggle_icon\"><span class=\"vert_icon\"><\/span><span class=\"hor_icon\"><\/span><\/span><\/p><div id='toggle-id-2' aria-labelledby='toggle-toggle-id-2' role='region' class='toggle_wrap  av-title-above'  ><div class='toggle_content invers-color '  itemprop=\"text\" ><ul>\n<li>R\u00e9agit quand on l\u2019appelle par son pr\u00e9nom?<\/li>\n<li>R\u00e9agit \u00e0 la sonnerie du t\u00e9l\u00e9phone ou quand on frappe \u00e0 la porte?<\/li>\n<li>Comprend quand on lui dit non?<\/li>\n<li>Obtient ce qu&rsquo;il veut par des sons et des gestes, comme lever les bras pour qu&rsquo;on le prenne?<\/li>\n<li>Joue \u00e0 des jeux de socialisation avec vous, comme \u00ab\u00a0coucou\u00a0\u00bb?<\/li>\n<li>Aime \u00eatre en pr\u00e9sence d\u2019autres personnes?<\/li>\n<li>Gazouille et r\u00e9p\u00e8te des sons, comme \u00ab\u00a0babababa\u00a0\u00bb ou \u00ab\u00a0duhduhduh\u00a0\u00bb?<\/li>\n<\/ul>\n<\/div><\/div><\/div><\/section>\n<section class='av_toggle_section av-lvcvt50w-2cedb976817e73770af2ef69b66fb4dd'  itemscope=\"itemscope\" itemtype=\"https:\/\/schema.org\/CreativeWork\" ><div role=\"tablist\" class=\"single_toggle\" data-tags=\"{Tout} \"  ><p id='toggle-toggle-id-3' data-fake-id='#toggle-id-3' class='toggler  av-title-above '  itemprop=\"headline\"  role='tab' tabindex='0' aria-controls='toggle-id-3' data-slide-speed=\"200\" data-title=\"\u00c0 12 mois, est-ce que votre enfant :\" data-title-open=\"\" data-aria_collapsed=\"Click to expand: \u00c0 12 mois, est-ce que votre enfant :\" data-aria_expanded=\"Click to collapse: \u00c0 12 mois, est-ce que votre enfant :\">\u00c0 12 mois, est-ce que votre enfant :<span class=\"toggle_icon\"><span class=\"vert_icon\"><\/span><span class=\"hor_icon\"><\/span><\/span><\/p><div id='toggle-id-3' aria-labelledby='toggle-toggle-id-3' role='region' class='toggle_wrap  av-title-above'  ><div class='toggle_content invers-color '  itemprop=\"text\" ><ul>\n<li>Suit des instructions simples comportant une seule \u00e9tape (\u00ab\u00a0assieds-toi\u00a0\u00bb)?<\/li>\n<li>Regarde dans la pi\u00e8ce en direction d\u2019un jouet qu\u2019un adulte pointe du doigt?<\/li>\n<li>Emploie r\u00e9guli\u00e8rement de trois \u00e0 cinq mots?<\/li>\n<li>Utilise des gestes pour communiquer (dit \u00ab\u00a0all\u00f4\u00a0\u00bb et \u00ab\u00a0au revoir \u00bb de la main, secoue la t\u00eate pour dire \u00ab\u00a0non\u00a0\u00bb)?<\/li>\n<li>Attire votre attention avec des sons, des gestes et en pointant tout en vous regardant dans les yeux?<\/li>\n<li>Vous apporte des jouets pour vous les montrer?<\/li>\n<li>\u00ab\u00a0Se produit en public\u00a0\u00bb pour avoir de l\u2019attention et des compliments?<\/li>\n<\/ul>\n<\/div><\/div><\/div><\/section>\n<section class='av_toggle_section av-lvcvtgws-945cb8d9bb8fa54860f2c4b65a470c25'  itemscope=\"itemscope\" itemtype=\"https:\/\/schema.org\/CreativeWork\" ><div role=\"tablist\" class=\"single_toggle\" data-tags=\"{Tout} \"  ><p id='toggle-toggle-id-4' data-fake-id='#toggle-id-4' class='toggler  av-title-above '  itemprop=\"headline\"  role='tab' tabindex='0' aria-controls='toggle-id-4' data-slide-speed=\"200\" data-title=\"\u00c0 18 mois, est-ce que votre enfant :\" data-title-open=\"\" data-aria_collapsed=\"Click to expand: \u00c0 18 mois, est-ce que votre enfant :\" data-aria_expanded=\"Click to collapse: \u00c0 18 mois, est-ce que votre enfant :\">\u00c0 18 mois, est-ce que votre enfant :<span class=\"toggle_icon\"><span class=\"vert_icon\"><\/span><span class=\"hor_icon\"><\/span><\/span><\/p><div id='toggle-id-4' aria-labelledby='toggle-toggle-id-4' role='region' class='toggle_wrap  av-title-above'  ><div class='toggle_content invers-color '  itemprop=\"text\" ><ul>\n<li>Comprend ce que veut dire \u00ab\u00a0dedans et dehors\u00a0\u00bb, \u00ab\u00a0ouvert et ferm\u00e9\u00a0\u00bb?<\/li>\n<li>Montre du doigt une ou plusieurs parties de son corps quand on le lui demande?<\/li>\n<li>Utilise r\u00e9guli\u00e8rement au moins 20\u00a0mots?<\/li>\n<li>R\u00e9pond par des mots ou des gestes \u00e0 des questions simples (\u00ab\u00a0O\u00f9 est ton ourson?\u00a0\u00bb, \u00ab\u00a0Qu\u2019est-ce que c\u2019est?\u00a0\u00bb)?<\/li>\n<li>Joue \u00e0 faire semblant avec ses jouets (donne \u00e0 boire \u00e0 son ourson, fait semblant qu\u2019un bol est un chapeau)?<\/li>\n<li>Prononce au moins quatre consonnes diff\u00e9rentes (p, b, m, n, d, g, w, h)?<\/li>\n<li>Aime que vous lui lisiez des histoires et regarde des livres simples avec vous?<\/li>\n<li>Montre du doigt des images?<\/li>\n<\/ul>\n<\/div><\/div><\/div><\/section>\n<section class='av_toggle_section av-lvcvtrju-286333545658e57e3d4ec1232e0b8294'  itemscope=\"itemscope\" itemtype=\"https:\/\/schema.org\/CreativeWork\" ><div role=\"tablist\" class=\"single_toggle\" data-tags=\"{Tout} \"  ><p id='toggle-toggle-id-5' data-fake-id='#toggle-id-5' class='toggler  av-title-above '  itemprop=\"headline\"  role='tab' tabindex='0' aria-controls='toggle-id-5' data-slide-speed=\"200\" data-title=\"\u00c0 24 mois, est-ce que votre enfant :\" data-title-open=\"\" data-aria_collapsed=\"Click to expand: \u00c0 24 mois, est-ce que votre enfant :\" data-aria_expanded=\"Click to collapse: \u00c0 24 mois, est-ce que votre enfant :\">\u00c0 24 mois, est-ce que votre enfant :<span class=\"toggle_icon\"><span class=\"vert_icon\"><\/span><span class=\"hor_icon\"><\/span><\/span><\/p><div id='toggle-id-5' aria-labelledby='toggle-toggle-id-5' role='region' class='toggle_wrap  av-title-above'  ><div class='toggle_content invers-color '  itemprop=\"text\" ><ul>\n<li>Suit des instructions comportant deux \u00e9tapes (\u00ab\u00a0va chercher ton ourson et montre-le \u00e0 grand-maman\u00a0\u00bb)?<\/li>\n<li>Utilise entre 100 \u00e0 150\u00a0mots?<\/li>\n<li>Utilise au moins deux pronoms (\u00ab\u00a0tu\u00a0\u00bb, \u00ab\u00a0moi\u00a0\u00bb, \u00ab\u00a0mien\u00a0\u00bb)?<\/li>\n<li>Combine r\u00e9guli\u00e8rement de deux \u00e0 quatre mots pour produire de courtes phrases (\u00ab\u00a0chapeau \u00e0 papa\u00a0\u00bb, \u00ab\u00a0camion va descendre\u00a0\u00bb)?<\/li>\n<li>Aime \u00eatre en pr\u00e9sence d\u2019autres enfants?<\/li>\n<li>Commence \u00e0 offrir des jouets \u00e0 d\u2019autres enfants, et imitent les gestes et les mots d\u2019autres enfants?<\/li>\n<li>Utilise des mots que les personnes qui l\u2019entourent comprennent de 50 \u00e0 60\u00a0% du temps?<\/li>\n<li>Forme ais\u00e9ment des mots et des sons?<\/li>\n<li>Tient des livres de la bonne fa\u00e7on et en tourne les pages?<\/li>\n<li>Fait la lecture \u00e0 des oursons ou \u00e0 des jouets?<\/li>\n<li>Griffonne avec des crayons?<\/li>\n<\/ul>\n<\/div><\/div><\/div><\/section>\n<section class='av_toggle_section av-lvcvu3sq-1ff8616cb67ea7b645a8d5046141f585'  itemscope=\"itemscope\" itemtype=\"https:\/\/schema.org\/CreativeWork\" ><div role=\"tablist\" class=\"single_toggle\" data-tags=\"{Tout} \"  ><p id='toggle-toggle-id-6' data-fake-id='#toggle-id-6' class='toggler  av-title-above '  itemprop=\"headline\"  role='tab' tabindex='0' aria-controls='toggle-id-6' data-slide-speed=\"200\" data-title=\"\u00c0 30 mois, est-ce que votre enfant :\" data-title-open=\"\" data-aria_collapsed=\"Click to expand: \u00c0 30 mois, est-ce que votre enfant :\" data-aria_expanded=\"Click to collapse: \u00c0 30 mois, est-ce que votre enfant :\">\u00c0 30 mois, est-ce que votre enfant :<span class=\"toggle_icon\"><span class=\"vert_icon\"><\/span><span class=\"hor_icon\"><\/span><\/span><\/p><div id='toggle-id-6' aria-labelledby='toggle-toggle-id-6' role='region' class='toggle_wrap  av-title-above'  ><div class='toggle_content invers-color '  itemprop=\"text\" ><ul>\n<li>Comprend ce qu\u2019est la taille (grand et petit) et la quantit\u00e9 (un peu, beaucoup, plus)?<\/li>\n<li>Utilise quelques structures de phrase semblables \u00e0 celles des adultes (\u00ab\u00a0deux biscuits\u00a0\u00bb, \u00ab\u00a0l\u2019oiseau vole\u00a0\u00bb, \u00ab\u00a0j\u2019ai saut\u00e9\u00a0\u00bb)?<\/li>\n<li>Emploie plus de 350\u00a0mots?<\/li>\n<li>A recours \u00e0 des mots d\u00e9crivant des actions, comme \u00ab\u00a0courir\u00a0\u00bb, \u00ab\u00a0renverser\u00a0\u00bb, \u00ab\u00a0tomber\u00a0\u00bb?<\/li>\n<li>Participe, avec ses pairs, \u00e0 des activit\u00e9s pour lesquelles il doit attendre son tour pour parler et utiliser des jouets?<\/li>\n<li>Manifeste de l&rsquo;inqui\u00e9tude quand un autre enfant se blesse ou est triste?<\/li>\n<li>Combine plusieurs actions pendant qu\u2019il joue (met des blocs dans un train, conduit le train et d\u00e9charge les blocs)?<\/li>\n<li>Prononce des sons au d\u00e9but de la plupart des mots?<\/li>\n<li>Prononce des mots de deux syllabes ou de deux modulations ou plus (\u00ab\u00a0ba-na-ne\u00a0\u00bb, \u00ab\u00a0ba-teau\u00a0\u00bb, \u00ab\u00a0po-mme\u00a0\u00bb)?<\/li>\n<li>Reconna\u00eet les logos et les panneaux familiers (panneau \u00ab\u00a0Arr\u00eat\u00a0\u00bb)?<\/li>\n<li>Se souvient des histoires qu&rsquo;il conna\u00eet et les comprend?<\/li>\n<\/ul>\n<\/div><\/div><\/div><\/section>\n<section class='av_toggle_section av-lvcvuey2-eed6e76204b8fb7f0f2de6e4061eeb55'  itemscope=\"itemscope\" itemtype=\"https:\/\/schema.org\/CreativeWork\" ><div role=\"tablist\" class=\"single_toggle\" data-tags=\"{Tout} \"  ><p id='toggle-toggle-id-7' data-fake-id='#toggle-id-7' class='toggler  av-title-above '  itemprop=\"headline\"  role='tab' tabindex='0' aria-controls='toggle-id-7' data-slide-speed=\"200\" data-title=\"\u00c0 3 ans, est-ce que votre enfant :\" data-title-open=\"\" data-aria_collapsed=\"Click to expand: \u00c0 3 ans, est-ce que votre enfant :\" data-aria_expanded=\"Click to collapse: \u00c0 3 ans, est-ce que votre enfant :\">\u00c0 3 ans, est-ce que votre enfant :<span class=\"toggle_icon\"><span class=\"vert_icon\"><\/span><span class=\"hor_icon\"><\/span><\/span><\/p><div id='toggle-id-7' aria-labelledby='toggle-toggle-id-7' role='region' class='toggle_wrap  av-title-above'  ><div class='toggle_content invers-color '  itemprop=\"text\" ><ul>\n<li>Comprend des questions compos\u00e9es des pronoms \u00ab\u00a0qui\u00a0\u00bb, \u00ab\u00a0quoi\u00a0\u00bb, \u00ab\u00a0o\u00f9\u00a0\u00bb et \u00ab\u00a0pourquoi\u00a0\u00bb?<\/li>\n<li>Cr\u00e9e de longues phrases en utilisant cinq \u00e0 huit mots?<\/li>\n<li>Parle d\u2019\u00e9v\u00e9nements pass\u00e9s (visite chez ses grands-parents, journ\u00e9e \u00e0 la garderie)?<\/li>\n<li>Raconte des histoires simples?<\/li>\n<li>Manifeste de l&rsquo;affection envers ses camarades de jeu pr\u00e9f\u00e9r\u00e9s?<\/li>\n<li>Fait semblant d\u2019accomplir des t\u00e2ches en plusieurs \u00e9tapes (pr\u00e9parer un repas, r\u00e9parer une voiture)?<\/li>\n<li>Lorsqu\u2019il parle, se fait comprendre en g\u00e9n\u00e9ral par la plupart des personnes ne faisant pas partie de la famille?<\/li>\n<li>Comprend l\u2019utilit\u00e9 du texte imprim\u00e9 (menus, listes, panneaux)?<\/li>\n<li>S\u2019int\u00e9resse aux rimes et en est conscient?<\/li>\n<\/ul>\n<\/div><\/div><\/div><\/section>\n<section class='av_toggle_section av-lvcvuvey-f7a23fa3202510b6edfb8ba47055035d'  itemscope=\"itemscope\" itemtype=\"https:\/\/schema.org\/CreativeWork\" ><div role=\"tablist\" class=\"single_toggle\" data-tags=\"{Tout} \"  ><p id='toggle-toggle-id-8' data-fake-id='#toggle-id-8' class='toggler  av-title-above '  itemprop=\"headline\"  role='tab' tabindex='0' aria-controls='toggle-id-8' data-slide-speed=\"200\" data-title=\"\u00c0 4 ans, est-ce que votre enfant :\" data-title-open=\"\" data-aria_collapsed=\"Click to expand: \u00c0 4 ans, est-ce que votre enfant :\" data-aria_expanded=\"Click to collapse: \u00c0 4 ans, est-ce que votre enfant :\">\u00c0 4 ans, est-ce que votre enfant :<span class=\"toggle_icon\"><span class=\"vert_icon\"><\/span><span class=\"hor_icon\"><\/span><\/span><\/p><div id='toggle-id-8' aria-labelledby='toggle-toggle-id-8' role='region' class='toggle_wrap  av-title-above'  ><div class='toggle_content invers-color '  itemprop=\"text\" ><ul>\n<li>Suit des instructions compos\u00e9es de trois ou quatre \u00e9tapes (\u00ab\u00a0en premier, va chercher du papier, ensuite fais un dessin et donne-le \u00e0 maman\u00a0\u00bb)?<\/li>\n<li>Utilise des structures de phrase comme les adultes?<\/li>\n<li>Raconte des histoires ayant un d\u00e9but, un milieu et une fin?<\/li>\n<li>Parle avec des adultes et d&rsquo;autres enfants pour tenter de trouver des solutions \u00e0 des probl\u00e8mes?<\/li>\n<li>Fait preuve d&rsquo;imagination de plus en plus complexe en jouant?<\/li>\n<li>Parle de fa\u00e7on \u00e0 \u00eatre compris presque tout le temps par des \u00e9trangers?<\/li>\n<li>Fait des rimes simples (\u00ab\u00a0chat-rat\u00a0\u00bb)?<\/li>\n<li>Associe certaines lettres avec leurs sons (la lettre \u00ab\u00a0b\u00a0\u00bb fait \u00ab\u00a0buh\u00a0\u00bb, la lettre \u00ab\u00a0t\u00a0\u00bb fait \u00ab\u00a0tuh\u00a0\u00bb)?<\/li>\n<\/ul>\n<\/div><\/div><\/div><\/section>\n<\/div>\n<section  class='av_textblock_section av-lvcvvvus-f6f4c93da9122c46a6ff53f064c24956 '   itemscope=\"itemscope\" itemtype=\"https:\/\/schema.org\/CreativeWork\" ><div class='avia_textblock'  itemprop=\"text\" ><p>Cette liste de contr\u00f4le des \u00e9tapes du d\u00e9veloppement provient du site Web du <a href=\"https:\/\/www.ontario.ca\/fr\/page\/developpement-de-la-petite-enfance#section-4\">minist\u00e8re des Services \u00e0 l&rsquo;enfance et des Services sociaux et communautaires<\/a>.<\/p>\n<p>Pour faire une recommandation au programme de services de r\u00e9\u00e9ducation de la parole et du langage pour les enfants d\u2019\u00e2ge pr\u00e9scolaire Early Expressions, veuillez <a href=\"https:\/\/assessment.caredove.com\/form\/kidsinclusive\/early-expressions-psl?lang=fr\">remplir notre formulaire de recommandation en ligne<\/a>.<\/p>\n<p>Il est \u00e9galement possible de faire une recommandation par t\u00e9l\u00e9phone en composant le 613\u00a0544-3400, poste\u00a03175 et en choisissant l\u2019option\u00a03.<\/p>\n<hr \/>\n<p>Texte adapt\u00e9 de documents du Bureau de sant\u00e9 publique de KFLA et du Ottawa-Carleton Catholic School Board\u00a0\u2013Staff Development, Evaluation and Research Department.<\/p>\n<\/div><\/section>\n","protected":false},"excerpt":{"rendered":"","protected":false},"author":7,"featured_media":0,"parent":7052,"menu_order":2,"comment_status":"closed","ping_status":"closed","template":"","meta":{"footnotes":""},"class_list":["post-7134","page","type-page","status-publish","hentry"],"_links":{"self":[{"href":"https:\/\/kidsinclusive.ca\/fr\/wp-json\/wp\/v2\/pages\/7134","targetHints":{"allow":["GET"]}}],"collection":[{"href":"https:\/\/kidsinclusive.ca\/fr\/wp-json\/wp\/v2\/pages"}],"about":[{"href":"https:\/\/kidsinclusive.ca\/fr\/wp-json\/wp\/v2\/types\/page"}],"author":[{"embeddable":true,"href":"https:\/\/kidsinclusive.ca\/fr\/wp-json\/wp\/v2\/users\/7"}],"replies":[{"embeddable":true,"href":"https:\/\/kidsinclusive.ca\/fr\/wp-json\/wp\/v2\/comments?post=7134"}],"version-history":[{"count":0,"href":"https:\/\/kidsinclusive.ca\/fr\/wp-json\/wp\/v2\/pages\/7134\/revisions"}],"up":[{"embeddable":true,"href":"https:\/\/kidsinclusive.ca\/fr\/wp-json\/wp\/v2\/pages\/7052"}],"wp:attachment":[{"href":"https:\/\/kidsinclusive.ca\/fr\/wp-json\/wp\/v2\/media?parent=7134"}],"curies":[{"name":"wp","href":"https:\/\/api.w.org\/{rel}","templated":true}]}}